{"id":1276,"date":"2022-09-26T15:43:35","date_gmt":"2022-09-26T13:43:35","guid":{"rendered":"http:\/\/lesmineurs.fr\/?page_id=1276"},"modified":"2022-09-26T16:09:33","modified_gmt":"2022-09-26T14:09:33","slug":"tous-les-deux","status":"publish","type":"page","link":"https:\/\/lesmineurs.fr\/index.php\/tous-les-deux\/","title":{"rendered":"Tous les deux"},"content":{"rendered":"<div data-colibri-id=\"1276-c1\" class=\"style-893 style-local-1276-c1 position-relative\">\n  <!----><\/p>\n<div data-colibri-component=\"section\" data-colibri-id=\"1276-c2\" id=\"custom\" class=\"h-section h-section-global-spacing d-flex align-items-lg-center align-items-md-center align-items-center style-902 style-local-1276-c2 position-relative\">\n    <!----><br \/>\n    <!----><\/p>\n<div class=\"h-section-grid-container h-section-boxed-container\">\n      <!----><\/p>\n<div data-colibri-id=\"1276-c3\" class=\"h-row-container gutters-row-lg-2 gutters-row-md-2 gutters-row-0 gutters-row-v-lg-2 gutters-row-v-md-2 gutters-row-v-2 style-903 style-local-1276-c3 position-relative\">\n        <!----><\/p>\n<div class=\"h-row justify-content-lg-center justify-content-md-center justify-content-center align-items-lg-stretch align-items-md-stretch align-items-stretch gutters-col-lg-2 gutters-col-md-2 gutters-col-0 gutters-col-v-lg-2 gutters-col-v-md-2 gutters-col-v-2\">\n          <!----><\/p>\n<div class=\"h-column h-column-container d-flex h-col-lg-auto h-col-md-auto h-col-auto style-904-outer style-local-1276-c4-outer\">\n<div data-colibri-id=\"1276-c4\" class=\"d-flex h-flex-basis h-column__inner h-ui-empty-state-container h-px-lg-2 h-px-md-2 h-px-2 v-inner-lg-2 v-inner-md-2 v-inner-2 style-904 style-local-1276-c4 position-relative\">\n              <!----><br \/>\n              <!----><\/p>\n<div class=\"w-100 h-y-container h-column__content h-column__v-align flex-basis-100\">\n                <!---->\n              <\/div>\n<\/p><\/div>\n<\/p><\/div>\n<div class=\"h-column h-column-container d-flex h-col-lg-auto h-col-md-auto h-col-auto style-905-outer style-local-1276-c5-outer\">\n<div data-colibri-id=\"1276-c5\" class=\"d-flex h-flex-basis h-column__inner h-ui-empty-state-container h-px-lg-2 h-px-md-2 h-px-2 v-inner-lg-2 v-inner-md-2 v-inner-2 style-905 style-local-1276-c5 position-relative\">\n              <!----><br \/>\n              <!----><\/p>\n<div class=\"w-100 h-y-container h-column__content h-column__v-align flex-basis-100\">\n                <!---->\n              <\/div>\n<\/p><\/div>\n<\/p><\/div>\n<div class=\"h-column h-column-container d-flex h-col-lg-auto h-col-md-auto h-col-auto style-906-outer style-local-1276-c6-outer\">\n<div data-colibri-id=\"1276-c6\" class=\"d-flex h-flex-basis h-column__inner h-ui-empty-state-container h-px-lg-2 h-px-md-2 h-px-2 v-inner-lg-2 v-inner-md-2 v-inner-2 style-906 style-local-1276-c6 position-relative\">\n              <!----><br \/>\n              <!----><\/p>\n<div class=\"w-100 h-y-container h-column__content h-column__v-align flex-basis-100\">\n                <!---->\n              <\/div>\n<\/p><\/div>\n<\/p><\/div>\n<\/p><\/div>\n<\/p><\/div>\n<div data-colibri-id=\"1276-c7\" class=\"h-row-container gutters-row-lg-2 gutters-row-md-2 gutters-row-0 gutters-row-v-lg-2 gutters-row-v-md-2 gutters-row-v-2 style-907 style-local-1276-c7 position-relative\">\n        <!----><\/p>\n<div class=\"h-row justify-content-lg-center justify-content-md-center justify-content-center align-items-lg-stretch align-items-md-stretch align-items-stretch gutters-col-lg-2 gutters-col-md-2 gutters-col-0 gutters-col-v-lg-2 gutters-col-v-md-2 gutters-col-v-2\">\n          <!----><\/p>\n<div class=\"h-column h-column-container d-flex h-col-lg-auto h-col-md-auto h-col-auto style-908-outer style-local-1276-c8-outer\">\n<div data-colibri-id=\"1276-c8\" class=\"d-flex h-flex-basis h-column__inner h-px-lg-2 h-px-md-2 h-px-2 v-inner-lg-2 v-inner-md-2 v-inner-2 style-908 style-local-1276-c8 position-relative\">\n              <!----><br \/>\n              <!----><\/p>\n<div class=\"w-100 h-y-container h-column__content h-column__v-align flex-basis-100 align-self-lg-start align-self-md-start align-self-start\">\n                <!----><\/p>\n<div data-colibri-id=\"1276-c9\" class=\"d-block style-916 style-local-1276-c9 position-relative h-element\">\n                  <!----><\/p>\n<div class=\"h-image__frame-container-outer\">\n<div class=\"h-image__frame-container\">\n                      <!----><br \/>\n                      <!----><br \/>\n                      <img loading=\"lazy\" decoding=\"async\" width=\"568\" height=\"2664\" src=\"http:\/\/lesmineurs.fr\/wp-content\/uploads\/2022\/09\/tous-les-deux-livret-e1664201333728.png\" class=\"wp-image-1287 style-916-image style-local-1276-c9-image\" srcset=\"https:\/\/lesmineurs.fr\/wp-content\/uploads\/2022\/09\/tous-les-deux-livret-e1664201333728.png 568w, https:\/\/lesmineurs.fr\/wp-content\/uploads\/2022\/09\/tous-les-deux-livret-e1664201333728-64x300.png 64w\" sizes=\"auto, (max-width: 568px) 100vw, 568px\" \/><\/p>\n<div class=\"h-image__frame h-hide-lg h-hide-md h-hide-sm style-916-frameImage style-local-1276-c9-frameImage\"><\/div>\n<\/p><\/div>\n<\/p><\/div>\n<\/p><\/div>\n<\/p><\/div>\n<\/p><\/div>\n<\/p><\/div>\n<div class=\"h-column h-column-container d-flex h-col-lg-auto h-col-md-auto h-col-auto style-909-outer style-local-1276-c10-outer\">\n<div data-colibri-id=\"1276-c10\" class=\"d-flex h-flex-basis h-column__inner h-px-lg-2 h-px-md-2 h-px-2 v-inner-lg-2 v-inner-md-2 v-inner-2 style-909 style-local-1276-c10 position-relative\">\n              <!----><br \/>\n              <!----><\/p>\n<div class=\"w-100 h-y-container h-column__content h-column__v-align flex-basis-100 align-self-lg-start align-self-md-start align-self-start\">\n                <!----><\/p>\n<div data-colibri-id=\"1276-c11\" class=\"h-global-transition-all h-heading style-910 style-local-1276-c11 position-relative h-element\">\n                  <!----><\/p>\n<div class=\"h-heading__outer style-910 style-local-1276-c11\">\n                    <!----><br \/>\n                    <!----><\/p>\n<h1 class=\"\">Tous les deux<\/h1>\n<\/p><\/div>\n<\/p><\/div>\n<div data-colibri-id=\"1276-c12\" class=\"h-text h-text-component style-911 style-local-1276-c12 position-relative h-element\">\n                  <!----><br \/>\n                  <!----><\/p>\n<div class=\"\">\n<p><span style=\"font-family: Arial, sans-serif; color: black;\">D\u00e8s que je te vois danser<\/span><\/p>\n<p><span style=\"font-family: Arial, sans-serif; color: black;\">Tout se bouscule dans mes pens\u00e9es<\/span><\/p>\n<p><span style=\"font-family: Arial, sans-serif; color: black;\">Avec ta robe qui vole au vent<\/span><\/p>\n<p><span style=\"font-family: Arial, sans-serif; color: black;\">Je regrette le temps.<\/span><\/p>\n<p><span style=\"font-family: Arial, sans-serif; color: black;\">O\u00f9 je pouvais sans me soucier<\/span><\/p>\n<p><span style=\"font-family: Arial, sans-serif; color: black;\">Sortir le soir et m\u2019enivrer<\/span><\/p>\n<p><span style=\"font-family: Arial, sans-serif; color: black;\">Mais maintenant je suis \u00e0 terre<\/span><\/p>\n<p><span style=\"font-family: Arial, sans-serif; color: black;\">Je me perds dans le vert<\/span><\/p>\n<p><span style=\"font-family: Arial, sans-serif; color: black;\">De tes yeux qui me traversent<\/span><\/p>\n<p><span style=\"font-family: Arial, sans-serif; color: black;\">Comme la fl\u00e8che avec la pomme<\/span><\/p>\n<p><span style=\"font-family: Arial, sans-serif; color: black;\">Et qui transperce et bouleverse<\/span><\/p>\n<p><span style=\"font-family: Arial, sans-serif; color: black;\">Ma vie de petit bonhomme<\/span><\/p>\n<p><strong>&nbsp;<\/strong><\/p>\n<p><strong style=\"font-family: Arial, sans-serif; color: black;\">Tous les deux, on partagera la vie<\/strong><\/p>\n<p><strong style=\"font-family: Arial, sans-serif; color: black;\">Comme un chemin qui ne m\u00e8ne \u00e0 rien<\/strong><\/p>\n<p><strong style=\"font-family: Arial, sans-serif; color: black;\">Comme une longue m\u00e9lodie<\/strong><\/p>\n<p><strong style=\"font-family: Arial, sans-serif; color: black;\">&nbsp;<\/strong><\/p>\n<p><strong style=\"font-family: Arial, sans-serif; color: black;\">Tous les deux, on partagera la nuit<\/strong><\/p>\n<p><strong style=\"font-family: Arial, sans-serif; color: black;\">Comme un festin qui ne manque de rien<\/strong><\/p>\n<p><strong style=\"font-family: Arial, sans-serif; color: black;\">Comme une douce insomnie<\/strong><\/p>\n<p>&nbsp;<\/p>\n<p><span style=\"font-family: Arial, sans-serif; color: black;\">Que je sois dans les enfers<\/span><\/p>\n<p><span style=\"font-family: Arial, sans-serif; color: black;\">Un vieux marin perdu en mer<\/span><\/p>\n<p><span style=\"font-family: Arial, sans-serif; color: black;\">Si je me noie dans mes pens\u00e9es<\/span><\/p>\n<p><span style=\"font-family: Arial, sans-serif; color: black;\">Je sais te retrouver<\/span><\/p>\n<p><span style=\"font-family: Arial, sans-serif; color: black;\">Tu es un tremblement de terre<\/span><\/p>\n<p><span style=\"font-family: Arial, sans-serif; color: black;\">Tu fais m\u00eame valser mes bi\u00e8res<\/span><\/p>\n<p><span style=\"font-family: Arial, sans-serif; color: black;\">Je perds mes souvenirs d\u2019antan<\/span><\/p>\n<p><span style=\"font-family: Arial, sans-serif; color: black;\">Je me perds m\u00eame dans<\/span><\/p>\n<p><span style=\"font-family: Arial, sans-serif; color: black;\">Tes bras nus qui m\u2019emprisonnent<\/span><\/p>\n<p><span style=\"font-family: Arial, sans-serif; color: black;\">Comme Moustaki et son ge\u00f4lier<\/span><\/p>\n<p><span style=\"font-family: Arial, sans-serif; color: black;\">Tes baisers qui m\u2019empoisonnent<\/span><\/p>\n<p><span style=\"font-family: Arial, sans-serif; color: black;\">M\u2019emm\u00e8nent de l\u2019autre c\u00f4t\u00e9<\/span><\/p>\n<p>&nbsp;<\/p>\n<p><strong style=\"font-size: 12pt; font-family: Arial, sans-serif;\">Refrain<\/strong><\/p>\n<p><strong style=\"font-size: 12pt; font-family: Arial, sans-serif;\">&nbsp;<\/strong><\/p>\n<p><em style=\"font-family: Arial, sans-serif; color: black;\">Mais tu sais bien que pourtant<\/em><\/p>\n<p><em style=\"font-family: Arial, sans-serif; color: black;\">La belle vie n\u2019a qu\u2019un temps<\/em><\/p>\n<p><em style=\"font-family: Arial, sans-serif; color: black;\">Qu\u2019on nous bassine tous les jours<\/em><\/p>\n<p><em style=\"font-family: Arial, sans-serif; color: black;\">Pour nous faire fuir l\u2019amour<\/em><\/p>\n<p><em style=\"font-family: Arial, sans-serif; color: black;\">Alors allons-nous en<\/em><\/p>\n<p><em style=\"font-family: Arial, sans-serif; color: black;\">De cette vite de boh\u00e8me<\/em><\/p>\n<p><em style=\"font-family: Arial, sans-serif; color: black;\">Partons seul un long moment<\/em><\/p>\n<p><em style=\"font-family: Arial, sans-serif; color: black;\">Puisque l\u2019on s\u2019aime<\/em><\/p>\n<p>\n                      \n                    <\/p>\n<p><span style=\"font-family: Arial, sans-serif; color: black;\">Et tu verras que l\u00e0-bas<\/span><\/p>\n<p><span style=\"font-family: Arial, sans-serif; color: black;\">On s\u2019amusera on s\u2019engueulera<\/span><\/p>\n<p><span style=\"font-family: Arial, sans-serif; color: black;\">On s\u2019aimera jusqu\u2019\u00e0 l\u2019aurore<\/span><\/p>\n<p><span style=\"font-family: Arial, sans-serif; color: black;\">On d\u00e9fiera la mort<\/span><\/p>\n<p><span style=\"font-family: Arial, sans-serif; color: black;\">Notre amour d\u00e9versera<\/span><\/p>\n<p><span style=\"font-family: Arial, sans-serif; color: black;\">De la tendresse dans nos draps<\/span><\/p>\n<p><span style=\"font-family: Arial, sans-serif; color: black;\">Et m\u00eame si pour l\u2019instant<\/span><\/p>\n<p><span style=\"font-family: Arial, sans-serif; color: black;\">Je te dis tout \u00e7a sans<\/span><\/p>\n<p><span style=\"font-family: Arial, sans-serif; color: black;\">M\u00eame t\u2019avoir adress\u00e9<\/span><\/p>\n<p><span style=\"font-family: Arial, sans-serif; color: black;\">La moindre petite parole<\/span><\/p>\n<p><span style=\"font-family: Arial, sans-serif; color: black;\">Tu n\u2019es qu\u2019une fille qui danse<\/span><\/p>\n<p><span style=\"font-family: Arial, sans-serif; color: black;\">Et je ne connais pas bien le rock n roll<\/span><\/p>\n<p>\n                      \n                    <\/p>\n<p><strong style=\"font-size: 12pt; font-family: Arial, sans-serif;\">Refrain<\/strong><\/p>\n<\/p><\/div>\n<\/p><\/div>\n<\/p><\/div>\n<\/p><\/div>\n<\/p><\/div>\n<\/p><\/div>\n<\/p><\/div>\n<div data-colibri-id=\"1276-c13\" class=\"h-row-container gutters-row-lg-2 gutters-row-md-2 gutters-row-0 gutters-row-v-lg-2 gutters-row-v-md-2 gutters-row-v-2 style-912 style-local-1276-c13 position-relative\">\n        <!----><\/p>\n<div class=\"h-row justify-content-lg-center justify-content-md-center justify-content-center align-items-lg-stretch align-items-md-stretch align-items-stretch gutters-col-lg-2 gutters-col-md-2 gutters-col-0 gutters-col-v-lg-2 gutters-col-v-md-2 gutters-col-v-2\">\n          <!----><\/p>\n<div class=\"h-column h-column-container d-flex h-col-lg-auto h-col-md-auto h-col-auto style-913-outer style-local-1276-c14-outer\">\n<div data-colibri-id=\"1276-c14\" class=\"d-flex h-flex-basis h-column__inner h-px-lg-2 h-px-md-2 h-px-2 v-inner-lg-2 v-inner-md-2 v-inner-2 style-913 style-local-1276-c14 position-relative\">\n              <!----><br \/>\n              <!----><\/p>\n<div class=\"w-100 h-y-container h-column__content h-column__v-align flex-basis-100 align-self-lg-start align-self-md-start align-self-start\">\n                <!----><\/p>\n<div data-colibri-id=\"1276-c15\" class=\"h-x-container style-914 style-local-1276-c15 position-relative h-element\">\n                  <!----><\/p>\n<div class=\"h-x-container-inner style-dynamic-1276-c15-group style-914-spacing style-local-1276-c15-spacing\"><span class=\"h-link__outer style-915-outer style-local-1276-c16-outer d-inline-flex h-element\"><a h-use-smooth-scroll=\"true\" href=\"http:\/\/lesmineurs.fr\/index.php\/paroles-tablatures\/\"  data-colibri-id=\"1276-c16\" class=\"d-flex w-100 align-items-center h-link style-915 style-local-1276-c16 position-relative\"><!----><!----> <span>Version imprimable &#8211; Cliquez-ici<\/span><\/a><br \/>\n                    <\/span>\n                  <\/div>\n<\/p><\/div>\n<\/p><\/div>\n<\/p><\/div>\n<\/p><\/div>\n<\/p><\/div>\n<\/p><\/div>\n<\/p><\/div>\n<\/p><\/div>\n<\/div>\n","protected":false},"excerpt":{"rendered":"<p>Tous les deux D\u00e8s que je te vois danser Tout se bouscule dans mes pens\u00e9es Avec ta robe qui vole au vent Je regrette le temps. O\u00f9 je pouvais sans me soucier Sortir le soir et m\u2019enivrer Mais maintenant je suis \u00e0 terre Je me perds dans le vert De tes yeux qui me traversent &hellip; <\/p>\n<p class=\"link-more\"><a href=\"https:\/\/lesmineurs.fr\/index.php\/tous-les-deux\/\" class=\"more-link\">Continuer la lecture<span class=\"screen-reader-text\"> de &laquo;&nbsp;Tous les deux&nbsp;&raquo;<\/span><\/a><\/p>\n","protected":false},"author":1,"featured_media":0,"parent":0,"menu_order":0,"comment_status":"closed","ping_status":"closed","template":"page-templates\/full-width-page.php","meta":{"footnotes":""},"class_list":["post-1276","page","type-page","status-publish","hentry"],"jetpack_sharing_enabled":true,"_links":{"self":[{"href":"https:\/\/lesmineurs.fr\/index.php\/wp-json\/wp\/v2\/pages\/1276","targetHints":{"allow":["GET"]}}],"collection":[{"href":"https:\/\/lesmineurs.fr\/index.php\/wp-json\/wp\/v2\/pages"}],"about":[{"href":"https:\/\/lesmineurs.fr\/index.php\/wp-json\/wp\/v2\/types\/page"}],"author":[{"embeddable":true,"href":"https:\/\/lesmineurs.fr\/index.php\/wp-json\/wp\/v2\/users\/1"}],"replies":[{"embeddable":true,"href":"https:\/\/lesmineurs.fr\/index.php\/wp-json\/wp\/v2\/comments?post=1276"}],"version-history":[{"count":3,"href":"https:\/\/lesmineurs.fr\/index.php\/wp-json\/wp\/v2\/pages\/1276\/revisions"}],"predecessor-version":[{"id":1289,"href":"https:\/\/lesmineurs.fr\/index.php\/wp-json\/wp\/v2\/pages\/1276\/revisions\/1289"}],"wp:attachment":[{"href":"https:\/\/lesmineurs.fr\/index.php\/wp-json\/wp\/v2\/media?parent=1276"}],"curies":[{"name":"wp","href":"https:\/\/api.w.org\/{rel}","templated":true}]}}